{"id":869,"date":"2026-02-24T20:19:26","date_gmt":"2026-02-24T19:19:26","guid":{"rendered":"https:\/\/lecabinet22.com\/?page_id=869"},"modified":"2026-03-06T17:34:39","modified_gmt":"2026-03-06T16:34:39","slug":"formulaire-mon-futhark","status":"publish","type":"page","link":"https:\/\/lecabinet22.com\/index.php\/formulaire-mon-futhark\/","title":{"rendered":"formulaire mon FUTHARK"},"content":{"rendered":"\n<div class=\"wp-block-cover is-light\" style=\"min-height:50px;aspect-ratio:unset;\"><img loading=\"lazy\" decoding=\"async\" width=\"819\" height=\"1024\" class=\"wp-block-cover__image-background wp-image-951 size-large\" alt=\"\" src=\"https:\/\/lecabinet22.com\/wp-content\/uploads\/2026\/01\/1_20260130_210917_0000-1-819x1024.png\" data-object-fit=\"cover\" srcset=\"https:\/\/lecabinet22.com\/wp-content\/uploads\/2026\/01\/1_20260130_210917_0000-1-819x1024.png 819w, https:\/\/lecabinet22.com\/wp-content\/uploads\/2026\/01\/1_20260130_210917_0000-1-240x300.png 240w, https:\/\/lecabinet22.com\/wp-content\/uploads\/2026\/01\/1_20260130_210917_0000-1-768x960.png 768w, https:\/\/lecabinet22.com\/wp-content\/uploads\/2026\/01\/1_20260130_210917_0000-1.png 1080w\" sizes=\"auto, (max-width: 819px) 100vw, 819px\" \/><span aria-hidden=\"true\" class=\"wp-block-cover__background has-background-dim\" style=\"background-color:#9a8567\"><\/span><div class=\"wp-block-cover__inner-container has-global-padding is-layout-constrained wp-block-cover-is-layout-constrained\">\n<p class=\"has-text-align-center has-white-color has-text-color has-link-color has-large-font-size wp-elements-473f08c3d2d5c65168ef05a313fa703d\"><strong>Mon Futhark<\/strong><\/p>\n<\/div><\/div>\n\n\n\n<div class=\"wp-block-columns is-layout-flex wp-container-core-columns-is-layout-28f84493 wp-block-columns-is-layout-flex\">\n<div class=\"wp-block-column is-layout-flow wp-block-column-is-layout-flow\">\n<figure class=\"wp-block-image aligncenter size-large has-custom-border\"><img loading=\"lazy\" decoding=\"async\" width=\"819\" height=\"1024\" src=\"https:\/\/lecabinet22.com\/wp-content\/uploads\/2026\/01\/1_20260130_210917_0000-1-819x1024.png\" alt=\"\" class=\"has-border-color wp-image-951\" style=\"border-color:#052905;aspect-ratio:0.7998082979597426\" srcset=\"https:\/\/lecabinet22.com\/wp-content\/uploads\/2026\/01\/1_20260130_210917_0000-1-819x1024.png 819w, https:\/\/lecabinet22.com\/wp-content\/uploads\/2026\/01\/1_20260130_210917_0000-1-240x300.png 240w, https:\/\/lecabinet22.com\/wp-content\/uploads\/2026\/01\/1_20260130_210917_0000-1-768x960.png 768w, https:\/\/lecabinet22.com\/wp-content\/uploads\/2026\/01\/1_20260130_210917_0000-1.png 1080w\" sizes=\"auto, (max-width: 819px) 100vw, 819px\" \/><\/figure>\n<\/div>\n\n\n\n<div class=\"wp-block-column is-layout-flow wp-block-column-is-layout-flow\">\n<p class=\"has-montserrat-font-family has-x-small-font-size\">Avec des pierres vari\u00e9es ou unies , je cr\u00e9e votre propre Futhark : les 24 runes Germano &#8211; Scandinaves.<\/p>\n\n\n\n<p class=\"has-montserrat-font-family has-x-small-font-size\">Je les dessine et les active \u00e0 la mani\u00e8re traditionnelle.<\/p>\n\n\n\n<p class=\"has-montserrat-font-family has-x-small-font-size\">Et oui parce qu&rsquo;un jeu trac\u00e9 selon la tradition, et chaque rune activ\u00e9e avec sa vibration, c&rsquo;est un Futhark qui raconte des choses. <\/p>\n\n\n\n<p class=\"has-montserrat-font-family has-x-small-font-size\">On s&rsquo;accorde sur la couleur dominante de votre jeu et je vous offre mon petit manuel en pdf pour bien commencer vos tirages de runes .<\/p>\n<\/div>\n<\/div>\n\n\n\n<p class=\"has-text-align-center\">Travail unique &#8211; 70 \u20ac<\/p>\n\n\n\n<p class=\"has-text-align-center\">Remplissez votre formulaire pour commander votre Futhark et laissez la magie op\u00e9rer !<\/p>\n\n\n\n<form method=\"post\" class=\"wp-block-gutena-forms gutena-forms-futhark-form gutena_forms_ID_8125ac8c7d_311202611644 after_submit_message is-layout-flow wp-container-gutena-forms-is-layout-00b5b574 wp-block-gutena-forms-is-layout-flow\" style=\"padding-top:2rem;padding-bottom:5rem\"><input type=\"hidden\" name=\"formid\" value=\"gutena_forms_ID_8125ac8c7d_311202611644\"\/>\n<div class=\"wp-block-gutena-text-field-group wp-block-gutena-field-group is-layout-flow wp-block-gutena-text-field-group-is-layout-flow\">\n<div class=\"wp-block-group is-vertical is-layout-flex wp-container-core-group-is-layout-501cef26 wp-block-group-is-layout-flex\"><label for=\"first_name\">Nom et Pr\u00e9nom<\/label>\n\n<div class=\"gutena-forms-text-field field-name-first_name  wp-block-gutena-form-field\"><input\n\t\t\t\tid=\"first_name\"\n\t\t\t\t name=\"first_name\" type=\"text\" class=\"gutena-forms-field text-field required-field  \"  required\n\t\t\t\t\/><\/div><\/div>\n\n\n\n<p class=\"gutena-forms-field-error-msg\"><\/p>\n<\/div>\n\n\n\n<div class=\"wp-block-gutena-text-field-group wp-block-gutena-field-group is-layout-flow wp-block-gutena-text-field-group-is-layout-flow\">\n<div class=\"wp-block-group is-vertical is-layout-flex wp-container-core-group-is-layout-501cef26 wp-block-group-is-layout-flex\"><label for=\"last_name\">Date de naissance<\/label>\n\n<div class=\"gutena-forms-text-field field-name-last_name  wp-block-gutena-form-field\"><input\n\t\t\t\tid=\"last_name\"\n\t\t\t\t name=\"last_name\" type=\"text\" class=\"gutena-forms-field text-field required-field  \"  required\n\t\t\t\t\/><\/div><\/div>\n\n\n\n<p class=\"gutena-forms-field-error-msg\"><\/p>\n<\/div>\n\n\n\n<div class=\"wp-block-gutena-email-field-group wp-block-gutena-field-group is-layout-flow wp-block-gutena-email-field-group-is-layout-flow\">\n<div class=\"wp-block-group is-vertical is-layout-flex wp-container-core-group-is-layout-501cef26 wp-block-group-is-layout-flex\"><label for=\"email\">Email<\/label>\n\n<div class=\"gutena-forms-email-field field-name-email  wp-block-gutena-form-field\"><input\n\t\t\t\tid=\"email\"\n\t\t\t\t name=\"email\" type=\"email\" class=\"gutena-forms-field email-field required-field  \"  required\n\t\t\t\t\/><\/div><\/div>\n\n\n\n<p class=\"gutena-forms-field-error-msg\"><\/p>\n<\/div>\n\n\n\n<div class=\"wp-block-gutena-text-field-group wp-block-gutena-field-group is-layout-flow wp-block-gutena-text-field-group-is-layout-flow\">\n<div class=\"wp-block-group is-vertical is-layout-flex wp-container-core-group-is-layout-501cef26 wp-block-group-is-layout-flex\"><label for=\"subject\">Num\u00e9ro de t\u00e9l\u00e9phone<\/label>\n\n<div class=\"gutena-forms-text-field field-name-subject  wp-block-gutena-form-field\"><input\n\t\t\t\tid=\"subject\"\n\t\t\t\t name=\"subject\" type=\"text\" class=\"gutena-forms-field text-field required-field  \"  required\n\t\t\t\t\/><\/div><\/div>\n\n\n\n<p class=\"gutena-forms-field-error-msg\"><\/p>\n<\/div>\n\n\n\n<div class=\"wp-block-gutena-textarea-field-group wp-block-gutena-field-group is-layout-flow wp-block-gutena-textarea-field-group-is-layout-flow\">\n<div class=\"wp-block-group is-vertical is-layout-flex wp-container-core-group-is-layout-501cef26 wp-block-group-is-layout-flex\"><label for=\"message\">Les couleurs que j&#039;aime pour les galets , plut\u00f4t unis gris , plut\u00f4t tr\u00e8s vari\u00e9s ? les couleurs qui me plaisent particuli\u00e8rement pour les trac\u00e9s ? on peut en parler ensemble <\/label>\n\n<div class=\"gutena-forms-textarea-field field-name-message  wp-block-gutena-form-field\"><textarea\n\t\t\t\tid=\"message\"\n\t\t\t\t name=\"message\" rows=\"5\" class=\"gutena-forms-field textarea-field required-field  \" placeholder=\"Mes id\u00e9es\"  required\n\t\t\t\t><\/textarea><\/div><\/div>\n\n\n\n<p class=\"gutena-forms-field-error-msg\"><\/p>\n<\/div>\n\n\n\n<div class=\"wp-block-buttons gutena-forms-submit-buttons is-layout-flex wp-block-buttons-is-layout-flex\">\n<div class=\"wp-block-button gutena-forms-submit-button\"><button class=\"wp-block-button__link has-background wp-element-button\" style=\"background-color:#052905\">Cliquer ici pour commander mon Futhark personnalis\u00e9 et fait main , ainsi que mon Livret Pdf pour d\u00e9couvrir l&rsquo;univers des Runes.<\/button><\/div>\n<\/div>\n\n\n\n<p class=\"has-text-align-center\" style=\"font-size:clamp(14px, 0.875rem + ((1vw - 3.2px) * 0.244), 16px);\"><em>Paiement requis \u00e0 la commande par virement ou wero<\/em><\/p>\n\n\n\n<div class=\"wp-block-gutena-form-confirm-msg is-layout-flow wp-block-gutena-form-confirm-msg-is-layout-flow\">\n<div class=\"wp-block-group has-background is-content-justification-left is-nowrap is-layout-flex wp-container-core-group-is-layout-385d3396 wp-block-group-is-layout-flex\" style=\"border-radius:5px;background-color:#d8eacc;padding-top:12px;padding-right:12px;padding-bottom:12px;padding-left:12px\">\n<figure class=\"wp-block-image size-large form-message-icon\"><img decoding=\"async\" src=\"data:image\/svg+xml;base64,PHN2ZyB3aWR0aD0iMTYiIGhlaWdodD0iMTYiIHZpZXdCb3g9IjAgMCAxNiAxNiIgZmlsbD0ibm9uZSIgeG1sbnM9Imh0dHA6Ly93d3cudzMub3JnLzIwMDAvc3ZnIj4NCjxwYXRoIGQ9Ik04IDE2QzMuNTgxNiAxNiAwIDEyLjQxODQgMCA4QzAgMy41ODE2IDMuNTgxNiAwIDggMEMxMi40MTg0IDAgMTYgMy41ODE2IDE2IDhDMTYgMTIuNDE4NCAxMi40MTg0IDE2IDggMTZaTTggMTQuNEM5LjY5NzM5IDE0LjQgMTEuMzI1MyAxMy43MjU3IDEyLjUyNTUgMTIuNTI1NUMxMy43MjU3IDExLjMyNTMgMTQuNCA5LjY5NzM5IDE0LjQgOEMxNC40IDYuMzAyNjEgMTMuNzI1NyA0LjY3NDc1IDEyLjUyNTUgMy40NzQ1MkMxMS4zMjUzIDIuMjc0MjggOS42OTczOSAxLjYgOCAxLjZDNi4zMDI2MSAxLjYgNC42NzQ3NSAyLjI3NDI4IDMuNDc0NTIgMy40NzQ1MkMyLjI3NDI4IDQuNjc0NzUgMS42IDYuMzAyNjEgMS42IDhDMS42IDkuNjk3MzkgMi4yNzQyOCAxMS4zMjUzIDMuNDc0NTIgMTIuNTI1NUM0LjY3NDc1IDEzLjcyNTcgNi4zMDI2MSAxNC40IDggMTQuNFpNNy4yMDI0IDExLjJMMy44MDggNy44MDU2TDQuOTM5MiA2LjY3NDRMNy4yMDI0IDguOTM3NkwxMS43MjcyIDQuNDEyTDEyLjg1OTIgNS41NDMyTDcuMjAyNCAxMS4yWiIgZmlsbD0iIzQ2ODQxRSIvPg0KPC9zdmc+DQo=\" alt=\"Success\" class=\"wp-image-3811\"\/><\/figure>\n\n\n\n<p class=\"has-black-color has-text-color has-tiny-font-size\" style=\"font-size:12px;font-style:normal;font-weight:500;line-height:1.2\">Message pour votre commande bien envoy\u00e9 !<\/p>\n<\/div>\n<\/div>\n\n\n\n<div class=\"wp-block-gutena-form-error-msg is-layout-flow wp-block-gutena-form-error-msg-is-layout-flow\">\n<div class=\"wp-block-group has-background is-content-justification-left is-nowrap is-layout-flex wp-container-core-group-is-layout-385d3396 wp-block-group-is-layout-flex\" style=\"border-radius:5px;background-color:#ffd3d3;padding-top:12px;padding-right:12px;padding-bottom:12px;padding-left:12px\">\n<figure class=\"wp-block-image size-large form-message-icon\"><img decoding=\"async\" src=\"data:image\/svg+xml;base64,PHN2ZyB3aWR0aD0iMTYiIGhlaWdodD0iMTYiIHZpZXdCb3g9IjAgMCAxNiAxNiIgZmlsbD0ibm9uZSIgeG1sbnM9Imh0dHA6Ly93d3cudzMub3JnLzIwMDAvc3ZnIj4NCjxwYXRoIGQ9Ik04IDE2QzMuNTgxNiAxNiAwIDEyLjQxODQgMCA4QzAgMy41ODE2IDMuNTgxNiAwIDggMEMxMi40MTg0IDAgMTYgMy41ODE2IDE2IDhDMTYgMTIuNDE4NCAxMi40MTg0IDE2IDggMTZaTTggMTQuNEM5LjY5NzM5IDE0LjQgMTEuMzI1MyAxMy43MjU3IDEyLjUyNTUgMTIuNTI1NUMxMy43MjU3IDExLjMyNTMgMTQuNCA5LjY5NzM5IDE0LjQgOEMxNC40IDYuMzAyNjEgMTMuNzI1NyA0LjY3NDc1IDEyLjUyNTUgMy40NzQ1MkMxMS4zMjUzIDIuMjc0MjggOS42OTczOSAxLjYgOCAxLjZDNi4zMDI2MSAxLjYgNC42NzQ3NSAyLjI3NDI4IDMuNDc0NTIgMy40NzQ1MkMyLjI3NDI4IDQuNjc0NzUgMS42IDYuMzAyNjEgMS42IDhDMS42IDkuNjk3MzkgMi4yNzQyOCAxMS4zMjUzIDMuNDc0NTIgMTIuNTI1NUM0LjY3NDc1IDEzLjcyNTcgNi4zMDI2MSAxNC40IDggMTQuNFpNNy4yIDEwLjRIOC44VjEySDcuMlYxMC40Wk03LjIgNEg4LjhWOC44SDcuMlY0WiIgZmlsbD0iI0M1MTkxOSIvPg0KPC9zdmc+DQo=\" alt=\"Error\" class=\"wp-image-3811\"\/><\/figure>\n\n\n\n<p class=\"gutena-forms-error-text has-black-color has-text-color\" style=\"font-size:12px;font-style:normal;font-weight:500;line-height:1.2\">D\u00e9sol\u00e9 ! il manque un \u00e9l\u00e9ment \u00e0 remplir sur votre formulaire .<\/p>\n<\/div>\n<\/div>\n<\/form>\n\n\n\n<div class=\"wp-block-cover is-light\" style=\"min-height:50px;aspect-ratio:unset;\"><img loading=\"lazy\" decoding=\"async\" width=\"819\" height=\"1024\" class=\"wp-block-cover__image-background wp-image-951 size-large\" alt=\"\" src=\"https:\/\/lecabinet22.com\/wp-content\/uploads\/2026\/01\/1_20260130_210917_0000-1-819x1024.png\" data-object-fit=\"cover\" srcset=\"https:\/\/lecabinet22.com\/wp-content\/uploads\/2026\/01\/1_20260130_210917_0000-1-819x1024.png 819w, https:\/\/lecabinet22.com\/wp-content\/uploads\/2026\/01\/1_20260130_210917_0000-1-240x300.png 240w, https:\/\/lecabinet22.com\/wp-content\/uploads\/2026\/01\/1_20260130_210917_0000-1-768x960.png 768w, https:\/\/lecabinet22.com\/wp-content\/uploads\/2026\/01\/1_20260130_210917_0000-1.png 1080w\" sizes=\"auto, (max-width: 819px) 100vw, 819px\" \/><span aria-hidden=\"true\" class=\"wp-block-cover__background has-background-dim\" style=\"background-color:#9a8567\"><\/span><div class=\"wp-block-cover__inner-container has-global-padding is-layout-constrained wp-block-cover-is-layout-constrained\">\n<p class=\"has-text-align-center has-large-font-size\"><\/p>\n<\/div><\/div>\n\n\n\n<p><\/p>\n","protected":false},"excerpt":{"rendered":"<p>Avec des pierres vari\u00e9es ou unies , je cr\u00e9e votre propre Futhark : les 24 runes Germano &#8211; Scandinaves. Je les dessine et les active \u00e0 la mani\u00e8re traditionnelle. Et oui parce qu&rsquo;un jeu trac\u00e9 selon la tradition, et chaque rune activ\u00e9e avec sa vibration, c&rsquo;est un Futhark qui raconte des choses. On s&rsquo;accorde sur [&hellip;]<\/p>\n","protected":false},"author":3,"featured_media":0,"parent":0,"menu_order":0,"comment_status":"closed","ping_status":"closed","template":"","meta":{"footnotes":""},"class_list":["post-869","page","type-page","status-publish","hentry"],"_links":{"self":[{"href":"https:\/\/lecabinet22.com\/index.php\/wp-json\/wp\/v2\/pages\/869","targetHints":{"allow":["GET"]}}],"collection":[{"href":"https:\/\/lecabinet22.com\/index.php\/wp-json\/wp\/v2\/pages"}],"about":[{"href":"https:\/\/lecabinet22.com\/index.php\/wp-json\/wp\/v2\/types\/page"}],"author":[{"embeddable":true,"href":"https:\/\/lecabinet22.com\/index.php\/wp-json\/wp\/v2\/users\/3"}],"replies":[{"embeddable":true,"href":"https:\/\/lecabinet22.com\/index.php\/wp-json\/wp\/v2\/comments?post=869"}],"version-history":[{"count":10,"href":"https:\/\/lecabinet22.com\/index.php\/wp-json\/wp\/v2\/pages\/869\/revisions"}],"predecessor-version":[{"id":1134,"href":"https:\/\/lecabinet22.com\/index.php\/wp-json\/wp\/v2\/pages\/869\/revisions\/1134"}],"wp:attachment":[{"href":"https:\/\/lecabinet22.com\/index.php\/wp-json\/wp\/v2\/media?parent=869"}],"curies":[{"name":"wp","href":"https:\/\/api.w.org\/{rel}","templated":true}]}}