{"id":575,"date":"2026-02-24T19:55:43","date_gmt":"2026-02-24T18:55:43","guid":{"rendered":"https:\/\/lecabinet22.com\/?page_id=575"},"modified":"2026-03-06T16:47:32","modified_gmt":"2026-03-06T15:47:32","slug":"formulaire-bon-cadeau","status":"publish","type":"page","link":"https:\/\/lecabinet22.com\/index.php\/formulaire-bon-cadeau\/","title":{"rendered":"Bon cadeau"},"content":{"rendered":"\n<div class=\"wp-block-cover is-light\" style=\"min-height:50px;aspect-ratio:unset;\"><img loading=\"lazy\" decoding=\"async\" width=\"318\" height=\"159\" class=\"wp-block-cover__image-background wp-image-918 size-full\" alt=\"\" src=\"https:\/\/lecabinet22.com\/wp-content\/uploads\/2026\/01\/images.jpg\" data-object-fit=\"cover\" srcset=\"https:\/\/lecabinet22.com\/wp-content\/uploads\/2026\/01\/images.jpg 318w, https:\/\/lecabinet22.com\/wp-content\/uploads\/2026\/01\/images-300x150.jpg 300w\" sizes=\"auto, (max-width: 318px) 100vw, 318px\" \/><span aria-hidden=\"true\" class=\"wp-block-cover__background has-background-dim\" style=\"background-color:#ece2cc\"><\/span><div class=\"wp-block-cover__inner-container has-global-padding is-layout-constrained wp-block-cover-is-layout-constrained\">\n<p class=\"has-text-align-center has-merriweather-font-family has-large-font-size\"><strong>Bon cadeau<\/strong><\/p>\n<\/div><\/div>\n\n\n\n<div class=\"wp-block-columns is-layout-flex wp-container-core-columns-is-layout-28f84493 wp-block-columns-is-layout-flex\">\n<div class=\"wp-block-column is-layout-flow wp-block-column-is-layout-flow\">\n<figure class=\"wp-block-image size-large\"><img loading=\"lazy\" decoding=\"async\" width=\"819\" height=\"1024\" src=\"https:\/\/lecabinet22.com\/wp-content\/uploads\/2026\/03\/1_20260130_203022_0000-819x1024.png\" alt=\"\" class=\"wp-image-1124\" style=\"aspect-ratio:0.7998105701837469\" srcset=\"https:\/\/lecabinet22.com\/wp-content\/uploads\/2026\/03\/1_20260130_203022_0000-819x1024.png 819w, https:\/\/lecabinet22.com\/wp-content\/uploads\/2026\/03\/1_20260130_203022_0000-240x300.png 240w, https:\/\/lecabinet22.com\/wp-content\/uploads\/2026\/03\/1_20260130_203022_0000-768x960.png 768w, https:\/\/lecabinet22.com\/wp-content\/uploads\/2026\/03\/1_20260130_203022_0000.png 1080w\" sizes=\"auto, (max-width: 819px) 100vw, 819px\" \/><\/figure>\n<\/div>\n\n\n\n<div class=\"wp-block-column is-layout-flow wp-block-column-is-layout-flow\">\n<p class=\"has-montserrat-font-family has-x-small-font-size\">Et si vous offriez bien plus qu\u2019un simple cadeau ?<\/p>\n\n\n\n<p class=\"has-montserrat-font-family has-x-small-font-size\">Avec les bons cadeaux du Cabinet 22, vous permettez \u00e0 vos proches de s\u2019offrir un v\u00e9ritable moment de reconnexion \u00e0 eux-m\u00eames. <\/p>\n\n\n\n<p class=\"has-montserrat-font-family has-x-small-font-size\">Selon leurs besoins et leur sensibilit\u00e9, ils pourront choisir parmi diff\u00e9rentes approches d\u2019accompagnement propos\u00e9es au cabinet :<br>\u2728 kin\u00e9siologie<br>\u2728 soins \u00e9nerg\u00e9tiques et magn\u00e9tisme<br>\u2728 guidance et tirage de tarot<br>\u2728 s\u00e9ance ma\u00efeutique<br>\u2728 \u00e9lixirs, bracelets \u00e9nerg\u00e9tiques&#8230;<\/p>\n<\/div>\n<\/div>\n\n\n\n<div class=\"wp-block-group has-global-padding is-layout-constrained wp-block-group-is-layout-constrained\">\n<div class=\"wp-block-columns is-layout-flex wp-container-core-columns-is-layout-28f84493 wp-block-columns-is-layout-flex\">\n<div class=\"wp-block-column is-layout-flow wp-block-column-is-layout-flow\">\n<p class=\"has-montserrat-font-family has-x-small-font-size\">Chaque s\u00e9ance est une invitation \u00e0 mieux se comprendre, retrouver de l\u2019\u00e9quilibre et avancer avec plus de clart\u00e9.<\/p>\n\n\n\n<p class=\"has-montserrat-font-family has-x-small-font-size\">\ud83c\udf81 Pour quelle occasion ?<br>Anniversaire, naissance, f\u00eate, remerciement ou simplement pour prendre soin de quelqu\u2019un que vous aimez.<\/p>\n\n\n\n<p class=\"has-montserrat-font-family has-x-small-font-size\">\ud83d\udc8c Comment \u00e7a fonctionne ?<br>\u2022 Choisissez le montant du bon cadeau<br>\u2022 Recevez votre bon cadeau personnalis\u00e9<br>\u2022 La personne b\u00e9n\u00e9ficiaire prend rendez-vous et choisit l\u2019accompagnement qui lui correspond<\/p>\n\n\n\n<p class=\"has-montserrat-font-family has-x-small-font-size\">Un cadeau original et profond\u00e9ment attentionn\u00e9, qui invite \u00e0 prendre soin de soi et \u00e0 se reconnecter \u00e0 l\u2019essentiel.<\/p>\n<\/div>\n<\/div>\n<\/div>\n\n\n\n<h2 class=\"wp-block-heading has-text-color has-link-color has-merriweather-font-family wp-elements-91060e8a7febb14e65f46b94e58086f6\" style=\"color:#052905\">Je commande mon bon cadeau :<\/h2>\n\n\n\n<form method=\"post\" class=\"wp-block-gutena-forms gutena-forms-bon-cadeau-form gutena_forms_ID_7c6a011479_3012026233051 input-box-border-bottom-only after_submit_message is-layout-flow wp-container-gutena-forms-is-layout-00b5b574 wp-block-gutena-forms-is-layout-flow\" style=\"padding-top:2rem;padding-bottom:5rem\"><input type=\"hidden\" name=\"formid\" value=\"gutena_forms_ID_7c6a011479_3012026233051\"\/>\n<div class=\"wp-block-gutena-text-field-group wp-block-gutena-field-group is-layout-flow wp-block-gutena-text-field-group-is-layout-flow\">\n<div class=\"wp-block-group is-vertical is-layout-flex wp-container-core-group-is-layout-501cef26 wp-block-group-is-layout-flex\"><label for=\"first_name\">Nom<\/label>\n\n<div class=\"gutena-forms-text-field field-name-first_name  wp-block-gutena-form-field\"><input\n\t\t\t\tid=\"first_name\"\n\t\t\t\t name=\"first_name\" type=\"text\" class=\"gutena-forms-field text-field required-field  \"  required\n\t\t\t\t\/><\/div><\/div>\n\n\n\n<p class=\"gutena-forms-field-error-msg\"><\/p>\n<\/div>\n\n\n\n<div class=\"wp-block-gutena-text-field-group wp-block-gutena-field-group is-layout-flow wp-block-gutena-text-field-group-is-layout-flow\">\n<div class=\"wp-block-group is-vertical is-layout-flex wp-container-core-group-is-layout-501cef26 wp-block-group-is-layout-flex\"><label for=\"last_name\">Pr\u00e9nom<\/label>\n\n<div class=\"gutena-forms-text-field field-name-last_name  wp-block-gutena-form-field\"><input\n\t\t\t\tid=\"last_name\"\n\t\t\t\t name=\"last_name\" type=\"text\" class=\"gutena-forms-field text-field required-field  \"  required\n\t\t\t\t\/><\/div><\/div>\n\n\n\n<p class=\"gutena-forms-field-error-msg\"><\/p>\n<\/div>\n\n\n\n<div class=\"wp-block-gutena-email-field-group wp-block-gutena-field-group is-layout-flow wp-block-gutena-email-field-group-is-layout-flow\">\n<div class=\"wp-block-group is-vertical is-layout-flex wp-container-core-group-is-layout-501cef26 wp-block-group-is-layout-flex\"><label for=\"email\">Email<\/label>\n\n<div class=\"gutena-forms-email-field field-name-email  wp-block-gutena-form-field\"><input\n\t\t\t\tid=\"email\"\n\t\t\t\t name=\"email\" type=\"email\" class=\"gutena-forms-field email-field required-field  \"  required\n\t\t\t\t\/><\/div><\/div>\n\n\n\n<p class=\"gutena-forms-field-error-msg\"><\/p>\n<\/div>\n\n\n\n<div class=\"wp-block-gutena-text-field-group wp-block-gutena-field-group is-layout-flow wp-block-gutena-text-field-group-is-layout-flow\">\n<div class=\"wp-block-group is-vertical is-layout-flex wp-container-core-group-is-layout-501cef26 wp-block-group-is-layout-flex\"><label for=\"subject\">Num\u00e9ro de t\u00e9l\u00e9phone<\/label>\n\n<div class=\"gutena-forms-text-field field-name-subject  wp-block-gutena-form-field\"><input\n\t\t\t\tid=\"subject\"\n\t\t\t\t name=\"subject\" type=\"text\" class=\"gutena-forms-field text-field required-field  \"  required\n\t\t\t\t\/><\/div><\/div>\n\n\n\n<p class=\"gutena-forms-field-error-msg\"><\/p>\n<\/div>\n\n\n\n<div class=\"wp-block-gutena-textarea-field-group wp-block-gutena-field-group is-layout-flow wp-block-gutena-textarea-field-group-is-layout-flow\">\n<div class=\"wp-block-group is-vertical is-layout-flex wp-container-core-group-is-layout-501cef26 wp-block-group-is-layout-flex\">\n<div class=\"wp-block-gutena-field-label heading-input-label-gutena\">\n<p style=\"text-align: center;\">Montant de votre bon cadeau, Pr\u00e9nom du b\u00e9n\u00e9ficiaire , Motif et \u00a0\u00bb lien entre vous \u00a0\u00bb si vous le souhaitez .<\/p>\n<\/div>\n\n\n<div class=\"gutena-forms-textarea-field field-name-message  wp-block-gutena-form-field\"><textarea\n\t\t\t\tid=\"message\"\n\t\t\t\t name=\"message\" rows=\"5\" class=\"gutena-forms-field textarea-field required-field  \"  required\n\t\t\t\t><\/textarea><\/div><\/div>\n\n\n\n<p class=\"gutena-forms-field-error-msg\"><\/p>\n<\/div>\n\n\n\n<div class=\"wp-block-buttons gutena-forms-submit-buttons is-content-justification-center is-layout-flex wp-container-core-buttons-is-layout-a89b3969 wp-block-buttons-is-layout-flex\">\n<div class=\"wp-block-button gutena-forms-submit-button\"><button class=\"wp-block-button__link has-background wp-element-button\" style=\"background-color:#052905\">Cliquer pour commander mon bon cadeau<\/button><\/div>\n<\/div>\n\n\n\n<p class=\"has-text-align-center has-x-small-font-size\"><em>Paiement par Wero ou virement requis \u00e0 la confirmation<\/em><\/p>\n\n\n\n<div class=\"wp-block-gutena-form-confirm-msg is-layout-flow wp-block-gutena-form-confirm-msg-is-layout-flow\">\n<div class=\"wp-block-group has-background is-content-justification-left is-nowrap is-layout-flex wp-container-core-group-is-layout-385d3396 wp-block-group-is-layout-flex\" style=\"border-radius:5px;background-color:#d8eacc;padding-top:12px;padding-right:12px;padding-bottom:12px;padding-left:12px\">\n<figure class=\"wp-block-image size-large form-message-icon\"><img decoding=\"async\" src=\"data:image\/svg+xml;base64,PHN2ZyB3aWR0aD0iMTYiIGhlaWdodD0iMTYiIHZpZXdCb3g9IjAgMCAxNiAxNiIgZmlsbD0ibm9uZSIgeG1sbnM9Imh0dHA6Ly93d3cudzMub3JnLzIwMDAvc3ZnIj4NCjxwYXRoIGQ9Ik04IDE2QzMuNTgxNiAxNiAwIDEyLjQxODQgMCA4QzAgMy41ODE2IDMuNTgxNiAwIDggMEMxMi40MTg0IDAgMTYgMy41ODE2IDE2IDhDMTYgMTIuNDE4NCAxMi40MTg0IDE2IDggMTZaTTggMTQuNEM5LjY5NzM5IDE0LjQgMTEuMzI1MyAxMy43MjU3IDEyLjUyNTUgMTIuNTI1NUMxMy43MjU3IDExLjMyNTMgMTQuNCA5LjY5NzM5IDE0LjQgOEMxNC40IDYuMzAyNjEgMTMuNzI1NyA0LjY3NDc1IDEyLjUyNTUgMy40NzQ1MkMxMS4zMjUzIDIuMjc0MjggOS42OTczOSAxLjYgOCAxLjZDNi4zMDI2MSAxLjYgNC42NzQ3NSAyLjI3NDI4IDMuNDc0NTIgMy40NzQ1MkMyLjI3NDI4IDQuNjc0NzUgMS42IDYuMzAyNjEgMS42IDhDMS42IDkuNjk3MzkgMi4yNzQyOCAxMS4zMjUzIDMuNDc0NTIgMTIuNTI1NUM0LjY3NDc1IDEzLjcyNTcgNi4zMDI2MSAxNC40IDggMTQuNFpNNy4yMDI0IDExLjJMMy44MDggNy44MDU2TDQuOTM5MiA2LjY3NDRMNy4yMDI0IDguOTM3NkwxMS43MjcyIDQuNDEyTDEyLjg1OTIgNS41NDMyTDcuMjAyNCAxMS4yWiIgZmlsbD0iIzQ2ODQxRSIvPg0KPC9zdmc+DQo=\" alt=\"Success\" class=\"wp-image-3811\"\/><\/figure>\n\n\n\n<p class=\"has-black-color has-text-color has-tiny-font-size\" style=\"font-size:12px;font-style:normal;font-weight:500;line-height:1.2\">Votre demande a bien \u00e9t\u00e9 envoy\u00e9e !<\/p>\n<\/div>\n<\/div>\n\n\n\n<div class=\"wp-block-gutena-form-error-msg is-layout-flow wp-block-gutena-form-error-msg-is-layout-flow\">\n<div class=\"wp-block-group has-background is-content-justification-left is-nowrap is-layout-flex wp-container-core-group-is-layout-385d3396 wp-block-group-is-layout-flex\" style=\"border-radius:5px;background-color:#ffd3d3;padding-top:12px;padding-right:12px;padding-bottom:12px;padding-left:12px\">\n<figure class=\"wp-block-image size-large form-message-icon\"><img decoding=\"async\" src=\"data:image\/svg+xml;base64,PHN2ZyB3aWR0aD0iMTYiIGhlaWdodD0iMTYiIHZpZXdCb3g9IjAgMCAxNiAxNiIgZmlsbD0ibm9uZSIgeG1sbnM9Imh0dHA6Ly93d3cudzMub3JnLzIwMDAvc3ZnIj4NCjxwYXRoIGQ9Ik04IDE2QzMuNTgxNiAxNiAwIDEyLjQxODQgMCA4QzAgMy41ODE2IDMuNTgxNiAwIDggMEMxMi40MTg0IDAgMTYgMy41ODE2IDE2IDhDMTYgMTIuNDE4NCAxMi40MTg0IDE2IDggMTZaTTggMTQuNEM5LjY5NzM5IDE0LjQgMTEuMzI1MyAxMy43MjU3IDEyLjUyNTUgMTIuNTI1NUMxMy43MjU3IDExLjMyNTMgMTQuNCA5LjY5NzM5IDE0LjQgOEMxNC40IDYuMzAyNjEgMTMuNzI1NyA0LjY3NDc1IDEyLjUyNTUgMy40NzQ1MkMxMS4zMjUzIDIuMjc0MjggOS42OTczOSAxLjYgOCAxLjZDNi4zMDI2MSAxLjYgNC42NzQ3NSAyLjI3NDI4IDMuNDc0NTIgMy40NzQ1MkMyLjI3NDI4IDQuNjc0NzUgMS42IDYuMzAyNjEgMS42IDhDMS42IDkuNjk3MzkgMi4yNzQyOCAxMS4zMjUzIDMuNDc0NTIgMTIuNTI1NUM0LjY3NDc1IDEzLjcyNTcgNi4zMDI2MSAxNC40IDggMTQuNFpNNy4yIDEwLjRIOC44VjEySDcuMlYxMC40Wk03LjIgNEg4LjhWOC44SDcuMlY0WiIgZmlsbD0iI0M1MTkxOSIvPg0KPC9zdmc+DQo=\" alt=\"Error\" class=\"wp-image-3811\"\/><\/figure>\n\n\n\n<p class=\"gutena-forms-error-text has-black-color has-text-color\" style=\"font-size:12px;font-style:normal;font-weight:500;line-height:1.2\">D\u00e9sol\u00e9 ! Il y a un souci dans le formulaire, v\u00e9rifier les indications ci-dessus.<\/p>\n<\/div>\n<\/div>\n<\/form>\n\n\n\n<p><\/p>\n","protected":false},"excerpt":{"rendered":"<p>Et si vous offriez bien plus qu\u2019un simple cadeau ? Avec les bons cadeaux du Cabinet 22, vous permettez \u00e0 vos proches de s\u2019offrir un v\u00e9ritable moment de reconnexion \u00e0 eux-m\u00eames. Selon leurs besoins et leur sensibilit\u00e9, ils pourront choisir parmi diff\u00e9rentes approches d\u2019accompagnement propos\u00e9es au cabinet :\u2728 kin\u00e9siologie\u2728 soins \u00e9nerg\u00e9tiques et magn\u00e9tisme\u2728 guidance et [&hellip;]<\/p>\n","protected":false},"author":3,"featured_media":0,"parent":0,"menu_order":0,"comment_status":"closed","ping_status":"closed","template":"","meta":{"footnotes":""},"class_list":["post-575","page","type-page","status-publish","hentry"],"_links":{"self":[{"href":"https:\/\/lecabinet22.com\/index.php\/wp-json\/wp\/v2\/pages\/575","targetHints":{"allow":["GET"]}}],"collection":[{"href":"https:\/\/lecabinet22.com\/index.php\/wp-json\/wp\/v2\/pages"}],"about":[{"href":"https:\/\/lecabinet22.com\/index.php\/wp-json\/wp\/v2\/types\/page"}],"author":[{"embeddable":true,"href":"https:\/\/lecabinet22.com\/index.php\/wp-json\/wp\/v2\/users\/3"}],"replies":[{"embeddable":true,"href":"https:\/\/lecabinet22.com\/index.php\/wp-json\/wp\/v2\/comments?post=575"}],"version-history":[{"count":19,"href":"https:\/\/lecabinet22.com\/index.php\/wp-json\/wp\/v2\/pages\/575\/revisions"}],"predecessor-version":[{"id":1126,"href":"https:\/\/lecabinet22.com\/index.php\/wp-json\/wp\/v2\/pages\/575\/revisions\/1126"}],"wp:attachment":[{"href":"https:\/\/lecabinet22.com\/index.php\/wp-json\/wp\/v2\/media?parent=575"}],"curies":[{"name":"wp","href":"https:\/\/api.w.org\/{rel}","templated":true}]}}